{"id":110,"date":"2022-02-14T20:13:51","date_gmt":"2022-02-14T19:13:51","guid":{"rendered":"http:\/\/www.archipel-asbl.be\/?page_id=110"},"modified":"2023-12-26T11:00:07","modified_gmt":"2023-12-26T10:00:07","slug":"missions","status":"publish","type":"page","link":"https:\/\/www.archipel-asbl.be\/index.php\/missions\/","title":{"rendered":"Missions"},"content":{"rendered":"<div data-colibri-id=\"110-c1\" class=\"style-770 style-local-110-c1 position-relative\">\n  <!---->\n  <div data-colibri-component=\"section\" data-colibri-id=\"110-c2\" id=\"about\" class=\"h-section h-section-global-spacing d-flex align-items-lg-center align-items-md-center align-items-center style-771 style-local-110-c2 position-relative\">\n    <!---->\n    <!---->\n    <div class=\"h-section-grid-container h-section-boxed-container\">\n      <div data-colibri-id=\"110-c7\" class=\"h-row-container gutters-row-lg-2 gutters-row-md-2 gutters-row-2 gutters-row-v-lg-2 gutters-row-v-md-2 gutters-row-v-2 style-776 style-local-110-c7 position-relative\">\n        <!---->\n        <div class=\"h-row justify-content-lg-center justify-content-md-center justify-content-center align-items-lg-stretch align-items-md-stretch align-items-stretch gutters-col-lg-2 gutters-col-md-2 gutters-col-2 gutters-col-v-lg-2 gutters-col-v-md-2 gutters-col-v-2\">\n          <!---->\n          <div class=\"h-column h-column-container d-flex h-col-lg-auto h-col-md-auto h-col-auto style-777-outer style-local-110-c8-outer\">\n            <div data-colibri-id=\"110-c8\" class=\"d-flex h-flex-basis h-column__inner h-px-lg-2 h-px-md-2 h-px-2 v-inner-lg-2 v-inner-md-2 v-inner-2 style-777 style-local-110-c8 position-relative\">\n              <!---->\n              <!---->\n              <div class=\"w-100 h-y-container h-column__content h-column__v-align flex-basis-100 align-self-lg-start align-self-md-start align-self-start\">\n                <!---->\n                <div data-colibri-id=\"110-c9\" class=\"h-global-transition-all h-heading style-779 style-local-110-c9 position-relative h-element\">\n                  <!---->\n                  <div class=\"h-heading__outer style-779 style-local-110-c9\">\n                    <!---->\n                    <!---->\n                    <h2 class=\"\"><span style=\"color: rgb(255, 255, 255);\">Qui sommes-nous ?<\/span><\/h2>\n                  <\/div>\n                <\/div>\n                <div data-colibri-id=\"110-c10\" class=\"h-lead h-text h-text-component style-780 style-local-110-c10 position-relative h-element\">\n                  <!---->\n                  <!---->\n                  <div class=\"\">\n                    <p><span style=\"color: rgb(187, 187, 187);\">Structure du secteur associatif solidement ancr\u00e9e dans le paysage socio-\u00e9conomique de la r\u00e9gion du Grand Charleroi, ARCHIPEL poss\u00e8de une expertise de 40 ans dans l&rsquo;accompagnement de la personne dans la gestion de sa mobilit\u00e9 professionnelle. Son expertise est largement reconnue en mati\u00e8re d&rsquo;orientation et d&rsquo;aide \u00e0 la recherche de tout public : tout \u00e2ge, tout niveau de qualification (aucun dipl\u00f4me, CEB, CESI, CESS, bacheliers, universitaires).<\/span><\/p>\n                  <\/div>\n                <\/div>\n              <\/div>\n            <\/div>\n          <\/div>\n        <\/div>\n      <\/div>\n      <div data-colibri-id=\"110-c3\" class=\"h-row-container gutters-row-lg-0 gutters-row-md-0 gutters-row-0 gutters-row-v-lg-0 gutters-row-v-md-0 gutters-row-v-0 style-772 style-local-110-c3 h-overflow-hidden position-relative\">\n        <!---->\n        <div class=\"h-row justify-content-lg-center justify-content-md-center justify-content-center align-items-lg-end align-items-md-end align-items-end gutters-col-lg-0 gutters-col-md-0 gutters-col-0 gutters-col-v-lg-0 gutters-col-v-md-0 gutters-col-v-0\">\n          <!---->\n          <div class=\"h-column h-column-container d-flex h-col-lg-auto h-col-md-auto h-col-auto align-self-lg-end align-self-md-end align-self-end style-773-outer style-local-110-c4-outer\">\n            <div data-colibri-id=\"110-c4\" class=\"d-flex h-flex-basis h-column__inner h-ui-empty-state-container h-px-lg-0 h-px-md-0 h-px-0 v-inner-lg-0 v-inner-md-0 v-inner-0 style-773 style-local-110-c4 position-relative\">\n              <!---->\n              <!---->\n              <div class=\"w-100 h-y-container h-column__content h-column__v-align flex-basis-100\">\n                <!---->\n              <\/div>\n            <\/div>\n          <\/div>\n          <div class=\"h-column h-column-container d-flex h-col-lg-auto h-col-md-auto h-col-auto align-self-lg-end align-self-md-end align-self-end style-774-outer style-local-110-c5-outer\">\n            <div data-colibri-id=\"110-c5\" class=\"d-flex h-flex-basis h-column__inner h-ui-empty-state-container h-px-lg-0 h-px-md-0 h-px-0 v-inner-lg-0 v-inner-md-0 v-inner-0 style-774 style-local-110-c5 position-relative\">\n              <!---->\n              <!---->\n              <div class=\"w-100 h-y-container h-column__content h-column__v-align flex-basis-100\">\n                <!---->\n              <\/div>\n            <\/div>\n          <\/div>\n          <div class=\"h-column h-column-container d-flex h-col-lg-auto h-col-md-auto h-col-auto align-self-lg-end align-self-md-end align-self-end style-775-outer style-local-110-c6-outer\">\n            <div data-colibri-id=\"110-c6\" class=\"d-flex h-flex-basis h-column__inner h-ui-empty-state-container h-px-lg-0 h-px-md-0 h-px-0 v-inner-lg-0 v-inner-md-0 v-inner-0 style-775 style-local-110-c6 position-relative\">\n              <!---->\n              <!---->\n              <div class=\"w-100 h-y-container h-column__content h-column__v-align flex-basis-100\">\n                <!---->\n              <\/div>\n            <\/div>\n          <\/div>\n        <\/div>\n      <\/div>\n    <\/div>\n  <\/div>\n  <div data-colibri-component=\"section\" data-colibri-id=\"110-c11\" id=\"content\" class=\"h-section h-section-global-spacing d-flex align-items-lg-center align-items-md-center align-items-center style-790 style-local-110-c11 position-relative\">\n    <!---->\n    <!---->\n    <div class=\"h-section-grid-container h-section-boxed-container\">\n      <!---->\n      <div data-colibri-id=\"110-c12\" class=\"h-row-container gutters-row-lg-2 gutters-row-md-2 gutters-row-2 gutters-row-v-lg-2 gutters-row-v-md-2 gutters-row-v-2 style-791 style-local-110-c12 position-relative\">\n        <!---->\n        <div class=\"h-row justify-content-lg-center justify-content-md-center justify-content-center align-items-lg-center align-items-md-center align-items-center gutters-col-lg-2 gutters-col-md-2 gutters-col-2 gutters-col-v-lg-2 gutters-col-v-md-2 gutters-col-v-2\">\n          <!---->\n          <div class=\"h-column h-column-container d-flex h-col-lg-auto h-col-md-auto h-col-auto align-self-lg-center align-self-md-center align-self-center style-792-outer style-local-110-c13-outer\">\n            <div data-colibri-id=\"110-c13\" class=\"d-flex h-flex-basis h-column__inner h-px-lg-2 h-px-md-2 h-px-0 v-inner-lg-0 v-inner-md-2 v-inner-0 style-792 style-local-110-c13 position-relative\">\n              <!---->\n              <!---->\n              <div class=\"w-100 h-y-container h-column__content h-column__v-align flex-basis-100 align-self-lg-center align-self-md-center align-self-center\">\n                <!---->\n                <div data-colibri-id=\"110-c14\" class=\"h-global-transition-all h-heading style-793 style-local-110-c14 position-relative h-element\">\n                  <!---->\n                  <div class=\"h-heading__outer style-793 style-local-110-c14\">\n                    <!---->\n                    <!---->\n                    <h3 class=\"\"><span style=\"color: rgb(255, 255, 255);\">Historique<\/span><\/h3>\n                  <\/div>\n                <\/div>\n                <div data-colibri-id=\"110-c15\" class=\"h-lead h-text h-text-component style-794 style-local-110-c15 position-relative h-element\">\n                  <!---->\n                  <!---->\n                  <div class=\"\">\n                    <p><span style=\"font-weight: 300; font-size: 20px; font-family: &quot;Open Sans&quot;; color: rgb(187, 187, 187);\">A l&rsquo;origine : Les Cellules de Reconversion, un outil au service de la reconversion des travailleurs et de la cr\u00e9ation d&#8217;emplois locaux.<br><br>ARCHIPEL a \u00e9t\u00e9 cr\u00e9\u00e9e le 1er janvier 1989 comme association de fait, \u00e0 l&rsquo;initiative du front commun syndical interprofessionnel FGTB\/CSC pour faire face \u00e0 la reconversion des travailleurs licenci\u00e9s collectivement des entreprises du groupe VERLIPACK \u00e0 Jumet et \u00e0 Momignies.<\/span><\/p>\n                  <\/div>\n                <\/div>\n              <\/div>\n            <\/div>\n          <\/div>\n          <div class=\"h-column h-column-container d-flex h-col-lg-auto h-col-md-auto h-col-auto align-self-lg-center align-self-md-center align-self-center style-795-outer style-local-110-c16-outer\">\n            <div data-colibri-id=\"110-c16\" class=\"d-flex h-flex-basis h-column__inner h-px-lg-0 h-px-md-0 h-px-0 v-inner-lg-0 v-inner-md-0 v-inner-0 style-795 style-local-110-c16 position-relative\">\n              <!---->\n              <!---->\n              <div class=\"w-100 h-y-container h-column__content h-column__v-align flex-basis-100 align-self-lg-center align-self-md-center align-self-center\">\n                <!---->\n                <div data-colibri-id=\"110-c17\" class=\"h-row-container gutters-row-lg-2 gutters-row-md-2 gutters-row-2 gutters-row-v-lg-2 gutters-row-v-md-2 gutters-row-v-2 style-796 style-local-110-c17 position-relative\">\n                  <!---->\n                  <div class=\"h-row justify-content-lg-center justify-content-md-center justify-content-center align-items-lg-stretch align-items-md-stretch align-items-stretch gutters-col-lg-2 gutters-col-md-2 gutters-col-2 gutters-col-v-lg-2 gutters-col-v-md-2 gutters-col-v-2\">\n                    <!---->\n                    <div class=\"h-column h-column-container d-flex h-col-lg-auto h-col-md-auto h-col-auto style-798-outer style-local-110-c18-outer\">\n                      <div data-colibri-id=\"110-c18\" class=\"d-flex h-flex-basis h-column__inner h-px-lg-0 h-px-md-0 h-px-0 v-inner-lg-0 v-inner-md-0 v-inner-0 style-798 style-local-110-c18 position-relative\">\n                        <!---->\n                        <!---->\n                        <div class=\"w-100 h-y-container h-column__content h-column__v-align flex-basis-100 align-self-lg-start align-self-md-start align-self-start\">\n                          <!---->\n                          <div data-colibri-id=\"110-c19\" class=\"h-lead h-text h-text-component style-794 style-local-110-c19 position-relative h-element\">\n                            <!---->\n                            <!---->\n                            <div class=\"\">\n                              <p><span style=\"font-family: &quot;Open Sans&quot;; font-size: 20px; font-weight: 300; color: rgb(187, 187, 187);\">Sa vocation premi\u00e8re \u00e9tait d&rsquo;apporter des r\u00e9ponses concr\u00e8tes \u00e0 la probl\u00e9matique des licenciements collectifs au travers de l&rsquo;accompagnement des travailleurs concern\u00e9s dans leurs d\u00e9marches d&rsquo;insertion socioprofessionnelle, de formation et de cr\u00e9ation d&#8217;emplois.<\/span><\/p>\n                              <p><span style=\"font-family: &quot;Open Sans&quot;; font-size: 20px; font-weight: 300; color: rgb(187, 187, 187);\">ARCHIPEL s&rsquo;est constitu\u00e9e en ASBL le 31 d\u00e9cembre 1997 a obtenu des agr\u00e9ments pour des services issus de la m\u00e9thodologie d\u00e9velopp\u00e9e dans les cellules de reconversion, \u00e0 savoir :<\/span>\n                                <br>&#8211; <span style=\"color: rgb(187, 187, 187); font-family: &quot;Open Sans&quot;; font-size: 20px; font-weight: 300;\">Organisme d&rsquo;Insertion Socioprofessionnelle<\/span>\n                                <br>&#8211;&nbsp;<span style=\"color: rgb(187, 187, 187); font-family: &quot;Open Sans&quot;; font-size: 20px; font-weight: 300;\">Agence Conseil en \u00c9conomie Sociale<\/span><\/p>\n                              <p>\n                                <br>\n                              <\/p>\n                            <\/div>\n                          <\/div>\n                        <\/div>\n                      <\/div>\n                    <\/div>\n                  <\/div>\n                <\/div>\n              <\/div>\n            <\/div>\n          <\/div>\n          <div class=\"h-column h-column-container d-flex h-col-lg-auto h-col-md-auto h-col-auto align-self-lg-center align-self-md-center align-self-center style-795-outer style-local-110-c20-outer\">\n            <div data-colibri-id=\"110-c20\" class=\"d-flex h-flex-basis h-column__inner h-px-lg-0 h-px-md-0 h-px-0 v-inner-lg-0 v-inner-md-0 v-inner-0 style-795 style-local-110-c20 position-relative\">\n              <!---->\n              <!---->\n              <div class=\"w-100 h-y-container h-column__content h-column__v-align flex-basis-100 align-self-lg-center align-self-md-center align-self-center\">\n                <!---->\n                <div data-colibri-id=\"110-c21\" class=\"h-row-container gutters-row-lg-2 gutters-row-md-2 gutters-row-2 gutters-row-v-lg-2 gutters-row-v-md-2 gutters-row-v-2 style-801 style-local-110-c21 position-relative\">\n                  <!---->\n                  <div class=\"h-row justify-content-lg-center justify-content-md-center justify-content-center align-items-lg-stretch align-items-md-stretch align-items-stretch gutters-col-lg-2 gutters-col-md-2 gutters-col-2 gutters-col-v-lg-2 gutters-col-v-md-2 gutters-col-v-2\">\n                    <!---->\n                    <div class=\"h-column h-column-container d-flex h-col-lg-auto h-col-md-auto h-col-auto style-802-outer style-local-110-c22-outer\">\n                      <div data-colibri-id=\"110-c22\" class=\"d-flex h-flex-basis h-column__inner h-px-lg-0 h-px-md-0 h-px-0 v-inner-lg-0 v-inner-md-0 v-inner-0 style-802 style-local-110-c22 position-relative\">\n                        <!---->\n                        <!---->\n                        <div class=\"w-100 h-y-container h-column__content h-column__v-align flex-basis-100 align-self-lg-start align-self-md-start align-self-start\">\n                          <!---->\n                          <div data-colibri-id=\"110-c23\" class=\"h-lead h-text h-text-component style-794 style-local-110-c23 position-relative h-element\">\n                            <!---->\n                            <!---->\n                            <div class=\"\">\n                              <p><span style=\"font-weight: 300; font-size: 20px; font-family: &quot;Open Sans&quot;; color: rgb(187, 187, 187);\">Aujourd&rsquo;hui, les activit\u00e9s d&rsquo;ARCHIPEL se concentrent sur 5 programmes :&nbsp;<\/span>\n                                <br>&#8211;&nbsp;<span style=\"font-weight: 300; font-size: 20px; font-family: &quot;Open Sans&quot;; color: rgb(187, 187, 187);\">Le Centre d&rsquo;Insertion Socioprofessionnelle (programme MOVE).<\/span>\n                                <br>&#8211;&nbsp;<span style=\"font-weight: 300; font-size: 20px; font-family: &quot;Open Sans&quot;; color: rgb(187, 187, 187);\">RAP, recherche Active et Proactive d&rsquo;Emploi pour personnes tr\u00e8s qualifi\u00e9es.<\/span>\n                                <br>&#8211;&nbsp;<span style=\"color: rgb(187, 187, 187); font-family: &quot;Open Sans&quot;; font-weight: 300; font-size: 20px;\">OCR, Orientation et Conseils de Recherche<\/span>\n                                <br><span style=\"color: rgb(187, 187, 187);\">&#8211;&nbsp;<\/span><span style=\"color: rgb(187, 187, 187); font-family: &quot;Open Sans&quot;; font-size: 20px; font-weight: 300;\">CARE, Coordination et Accompagnement pour un Retour \u00e0 l&rsquo;Emploi<\/span>\n                                <br>&#8211;&nbsp;<span style=\"font-weight: 300; font-size: 20px; font-family: &quot;Open Sans&quot;; color: rgb(187, 187, 187);\">Service d&rsquo;Outplacement<\/span><\/p>\n                            <\/div>\n                          <\/div>\n                        <\/div>\n                      <\/div>\n                    <\/div>\n                  <\/div>\n                <\/div>\n              <\/div>\n            <\/div>\n          <\/div>\n        <\/div>\n      <\/div>\n      <div data-colibri-id=\"110-c24\" class=\"h-row-container gutters-row-lg-1 gutters-row-md-1 gutters-row-0 gutters-row-v-lg-1 gutters-row-v-md-1 gutters-row-v-1 style-804 style-local-110-c24 position-relative\">\n        <!---->\n        <div class=\"h-row justify-content-lg-center justify-content-md-center justify-content-center align-items-lg-stretch align-items-md-stretch align-items-stretch gutters-col-lg-1 gutters-col-md-1 gutters-col-0 gutters-col-v-lg-1 gutters-col-v-md-1 gutters-col-v-1\">\n          <!---->\n          <div class=\"h-column h-column-container d-flex h-col-lg-auto h-col-md-auto h-col-auto style-805-outer style-local-110-c25-outer\">\n            <div data-colibri-id=\"110-c25\" class=\"d-flex h-flex-basis h-column__inner h-px-lg-0 h-px-md-0 h-px-0 v-inner-lg-0 v-inner-md-0 v-inner-0 style-805 style-local-110-c25 position-relative\">\n              <!---->\n              <!---->\n              <div class=\"w-100 h-y-container h-column__content h-column__v-align flex-basis-100 align-self-lg-start align-self-md-start align-self-start\">\n                <!---->\n                <div data-colibri-id=\"110-c26\" class=\"h-global-transition-all h-heading style-793 style-local-110-c26 position-relative h-element\">\n                  <!---->\n                  <div class=\"h-heading__outer style-793 style-local-110-c26\">\n                    <!---->\n                    <!---->\n                    <h3 class=\"\"><span style=\"color: rgb(255, 255, 255);\"><br>Philosophie et valeurs<\/span><\/h3>\n                  <\/div>\n                <\/div>\n              <\/div>\n            <\/div>\n          <\/div>\n        <\/div>\n      <\/div>\n      <div data-colibri-id=\"110-c27\" class=\"h-row-container gutters-row-lg-2 gutters-row-md-2 gutters-row-0 gutters-row-v-lg-2 gutters-row-v-md-2 gutters-row-v-2 style-806 style-local-110-c27 position-relative\">\n        <!---->\n        <div class=\"h-row justify-content-lg-center justify-content-md-center justify-content-center align-items-lg-stretch align-items-md-stretch align-items-stretch gutters-col-lg-2 gutters-col-md-2 gutters-col-0 gutters-col-v-lg-2 gutters-col-v-md-2 gutters-col-v-2\">\n          <!---->\n          <div class=\"h-column h-column-container d-flex h-col-lg-auto h-col-md-auto h-col-auto style-807-outer style-local-110-c28-outer\">\n            <div data-colibri-id=\"110-c28\" class=\"d-flex h-flex-basis h-column__inner h-px-lg-2 h-px-md-2 h-px-2 v-inner-lg-2 v-inner-md-2 v-inner-2 style-807 style-local-110-c28 position-relative\">\n              <!---->\n              <!---->\n              <div class=\"w-100 h-y-container h-column__content h-column__v-align flex-basis-100 align-self-lg-start align-self-md-start align-self-start\">\n                <!---->\n                <div data-colibri-id=\"110-c29\" class=\"h-lead h-text h-text-component style-780 style-local-110-c29 position-relative h-element\">\n                  <!---->\n                  <!---->\n                  <div class=\"\">\n                    <p><span style=\"color: rgb(187, 187, 187);\">ARCHIPEL poss\u00e8de 40 ans d&rsquo;exp\u00e9rience r\u00e9guli\u00e8rement adapt\u00e9e et actualis\u00e9e au service de la personne licenci\u00e9e\/en recherche d&#8217;emploi, quels que soient son statut, sa dur\u00e9e d&rsquo;inactivit\u00e9, son \u00e2ge ou son niveau de qualification. Son approche est essentiellement p\u00e9dagogique : former la personne au m\u00e9tier de chercheur d&#8217;emploi, la rendre autonome gr\u00e2ce \u00e0 un accompagnement sur mesure.<\/span>\n                      <br>\n                      <br><span style=\"font-weight: 300; font-size: 20px; font-family: Open Sans; color: rgb(187, 187, 187);\">Le projet professionnel int\u00e9gr\u00e9 dans un projet de vie ; accompagner la personne dans un projet qui lui appartient et non pas faire un projet \u00e0 sa place ; pas d&rsquo;assistanat, mais un apprentissage de l&rsquo;autonomie, dans le respect du rythme de chacun.<\/span><\/p>\n                  <\/div>\n                <\/div>\n              <\/div>\n            <\/div>\n          <\/div>\n        <\/div>\n      <\/div>\n    <\/div>\n  <\/div>\n<\/div>","protected":false},"excerpt":{"rendered":"<p>Qui sommes-nous ? Structure du secteur associatif solidement ancr\u00e9e dans le paysage socio-\u00e9conomique de la r\u00e9gion du Grand Charleroi, ARCHIPEL poss\u00e8de une expertise de 40 ans dans l&rsquo;accompagnement de la personne dans la gestion de sa mobilit\u00e9 professionnelle. Son expertise est largement reconnue en mati\u00e8re d&rsquo;orientation et d&rsquo;aide \u00e0 la recherche de tout public : [&hellip;]<\/p>\n","protected":false},"author":1,"featured_media":0,"parent":0,"menu_order":0,"comment_status":"closed","ping_status":"closed","template":"page-templates\/full-width-page.php","meta":{"footnotes":""},"class_list":["post-110","page","type-page","status-publish","hentry"],"_links":{"self":[{"href":"https:\/\/www.archipel-asbl.be\/index.php\/wp-json\/wp\/v2\/pages\/110","targetHints":{"allow":["GET"]}}],"collection":[{"href":"https:\/\/www.archipel-asbl.be\/index.php\/wp-json\/wp\/v2\/pages"}],"about":[{"href":"https:\/\/www.archipel-asbl.be\/index.php\/wp-json\/wp\/v2\/types\/page"}],"author":[{"embeddable":true,"href":"https:\/\/www.archipel-asbl.be\/index.php\/wp-json\/wp\/v2\/users\/1"}],"replies":[{"embeddable":true,"href":"https:\/\/www.archipel-asbl.be\/index.php\/wp-json\/wp\/v2\/comments?post=110"}],"version-history":[{"count":15,"href":"https:\/\/www.archipel-asbl.be\/index.php\/wp-json\/wp\/v2\/pages\/110\/revisions"}],"predecessor-version":[{"id":2849,"href":"https:\/\/www.archipel-asbl.be\/index.php\/wp-json\/wp\/v2\/pages\/110\/revisions\/2849"}],"wp:attachment":[{"href":"https:\/\/www.archipel-asbl.be\/index.php\/wp-json\/wp\/v2\/media?parent=110"}],"curies":[{"name":"wp","href":"https:\/\/api.w.org\/{rel}","templated":true}]}}